{"id":666,"date":"2017-06-06T17:52:50","date_gmt":"2017-06-06T17:52:50","guid":{"rendered":"https:\/\/calibresargentinos.com\/?post_type=product&#038;p=666"},"modified":"2026-04-13T16:14:40","modified_gmt":"2026-04-13T16:14:40","slug":"segmometro-rigido-calibres-argentinos","status":"publish","type":"product","link":"https:\/\/calibresargentinos.com\/en\/product\/segmometro-rigido-calibres-argentinos\/","title":{"rendered":"Calibres Argentinos rigid segmometer"},"content":{"rendered":"<p>RIGID SEGMOMETER CALIBRES ARGENTINOS (Code SEA)<\/p>\n<ul>\n<li>Innovative design, ergonomic, practical for use and lightweight for transport<\/li>\n<li>Rigid scale of exclusive design by Calibres Argentinos<\/li>\n<li>Regla de aluminio con escala milimetrada grabada por l\u00e1ser (Alta precisi\u00f3n)<\/li>\n<li>Mobile branches in virgin ABS plastic high strength<\/li>\n<li>Wide base on the fixed branch to position the tool vertically in the height measurement<\/li>\n<li>Accuracy: 0.5mm<\/li>\n<li>Resolution: 1mm<\/li>\n<li>Measuring range: 10 - 660mm<\/li>\n<li>Disponible en color NEGRO<\/li>\n<li>In individual box with transport handle<\/li>\n<li>1 year warranty<\/li>\n<\/ul>\n<p>Those who are familiar with Cineanthropometry know the difficulties of using flexible segmometers. Little life of the scale that remains constantly folded, ample possibilities to measure with error due to the flexibility of the rule. In the year 2001 we innovated with the design of the rigid segmometer. Today, other brands have copied this design demonstrating our success, and we have improved it again. The Calibres Argentinos segmometer has the optimal distance to measure each variable of segments and partial heights, and it is rigid so that error problems in the reading and useful life of the tool disappear.<\/p>","protected":false},"excerpt":{"rendered":"<p>El Segm\u00f3metro r\u00edgido Calibres Argentinos es un dise\u00f1o innovador y exclusivo de nuestra marca que sali\u00f3 al mercado mundial en el a\u00f1o 2001. Derivado de las dificultades que implicaba el uso de segm\u00f3metros flexibles, nuestro equipo de dise\u00f1o contribuy\u00f3 a la eliminaci\u00f3n de los problemas de estos: poca vida \u00fatil de la escala que permanece constantemente plegada y amplias posibilidades de medir con error debido a la flexibilidad de la regla. Hoy, otras marcas han copiado este dise\u00f1o demostrando nuestro acierto. Y nosotros lo hemos vuelto a mejorar. El segm\u00f3metro Calibres Argentinos posee la distancia \u00f3ptima para medir cada variable de segmentos y alturas parciales, y es r\u00edgido por lo que desaparecen los problemas de error en la lectura y vida \u00fatil del calibre. Viene en una caja especialmente dise\u00f1ada con manija para el transporte.<\/p>","protected":false},"featured_media":7392,"comment_status":"closed","ping_status":"closed","template":"","meta":[],"product_brand":[],"product_cat":[79],"product_tag":[85,102,109],"class_list":{"0":"post-666","1":"product","2":"type-product","3":"status-publish","4":"has-post-thumbnail","6":"product_cat-segmometros","7":"product_tag-calibre-de-precision","8":"product_tag-calibres-argentinos","9":"product_tag-segmometros","10":"pa_formas-de-pago-efectivo","11":"pa_formas-de-pago-tarjeta-de-credito-1-cuota","12":"pa_formas-de-pago-tarjeta-de-credito-3-cuotas","13":"pa_formas-de-pago-tarjeta-de-credito-6-cuotas","14":"pa_formas-de-pago-tarjeta-de-credito-ahora-12","16":"first","17":"instock","18":"shipping-taxable","19":"purchasable","20":"product-type-variable"},"_links":{"self":[{"href":"https:\/\/calibresargentinos.com\/en\/wp-json\/wp\/v2\/product\/666","targetHints":{"allow":["GET"]}}],"collection":[{"href":"https:\/\/calibresargentinos.com\/en\/wp-json\/wp\/v2\/product"}],"about":[{"href":"https:\/\/calibresargentinos.com\/en\/wp-json\/wp\/v2\/types\/product"}],"replies":[{"embeddable":true,"href":"https:\/\/calibresargentinos.com\/en\/wp-json\/wp\/v2\/comments?post=666"}],"wp:featuredmedia":[{"embeddable":true,"href":"https:\/\/calibresargentinos.com\/en\/wp-json\/wp\/v2\/media\/7392"}],"wp:attachment":[{"href":"https:\/\/calibresargentinos.com\/en\/wp-json\/wp\/v2\/media?parent=666"}],"wp:term":[{"taxonomy":"product_brand","embeddable":true,"href":"https:\/\/calibresargentinos.com\/en\/wp-json\/wp\/v2\/product_brand?post=666"},{"taxonomy":"product_cat","embeddable":true,"href":"https:\/\/calibresargentinos.com\/en\/wp-json\/wp\/v2\/product_cat?post=666"},{"taxonomy":"product_tag","embeddable":true,"href":"https:\/\/calibresargentinos.com\/en\/wp-json\/wp\/v2\/product_tag?post=666"}],"curies":[{"name":"wp","href":"https:\/\/api.w.org\/{rel}","templated":true}]}}