{"id":651,"date":"2017-06-06T17:26:15","date_gmt":"2017-06-06T17:26:15","guid":{"rendered":"https:\/\/calibresargentinos.com\/?post_type=product&#038;p=651"},"modified":"2026-03-01T00:05:39","modified_gmt":"2026-03-01T00:05:39","slug":"calibre-de-diametros-oseos-pequeno-calibres-argentinos","status":"publish","type":"product","link":"https:\/\/calibresargentinos.com\/en\/product\/calibre-de-diametros-oseos-pequeno-calibres-argentinos\/","title":{"rendered":"Caliber of Bone Diameters small Calibres Argentinos"},"content":{"rendered":"<p>CALIBER OF BONE DIAMETERS SMALL CALIBRES ARGENTINOS (Code CCA)<\/p>\n<ul>\n<li>Innovative design, ergonomic, practical for use and lightweight for transport<\/li>\n<li>Regla de aluminio con escala milimetrada grabada por l\u00e1ser (Alta precisi\u00f3n)<\/li>\n<li>Mobile branches in virgin ABS plastic high strength<\/li>\n<li>Accuracy: 0.5mm<\/li>\n<li>Resolution: 1mm<\/li>\n<li>Measuring range: 0 - 153mm<\/li>\n<li>Color NEGRO<\/li>\n<li>In individual transport box (phosphor type)<\/li>\n<li>1 year warranty<\/li>\n<\/ul>\n<p>The caliber of small bone diameters is a tool of specific use for the measurement of the Diameters of the Humerus, Femur, Biestiolideo, Bimalleolar, Width of Hand and Foot. Due to the location and size of these anthropometric variables, it is essential to have this tool of small size and easy handling.<\/p>","protected":false},"excerpt":{"rendered":"<p>El calibre de di\u00e1metros \u00f3seos peque\u00f1o Calibres Argentinos est\u00e1 fabricado en aluminio (regla) y pl\u00e1stico ABS virgen (ramas m\u00f3viles). Es una herramienta de alta precisi\u00f3n que se usa para mediciones espec\u00edficas como los Di\u00e1metros del H\u00famero, F\u00e9mur, Biestiolideo, Bimaleolar, Ancho de Mano y Pie. Por la localizaci\u00f3n y el tama\u00f1o de estas variables antropom\u00e9tricas, se hace indispensable contar con esta herramienta de peque\u00f1o tama\u00f1o y f\u00e1cil manipulaci\u00f3n.<\/p>","protected":false},"featured_media":7407,"comment_status":"closed","ping_status":"closed","template":"","meta":[],"product_brand":[],"product_cat":[78],"product_tag":[85,102,107,118],"class_list":{"0":"post-651","1":"product","2":"type-product","3":"status-publish","4":"has-post-thumbnail","6":"product_cat-calibres-para-huesos","7":"product_tag-calibre-de-precision","8":"product_tag-calibres-argentinos","9":"product_tag-calibres-para-huesos","10":"product_tag-presi","11":"pa_formas-de-pago-efectivo","12":"pa_formas-de-pago-tarjeta-de-credito-1-cuota","13":"pa_formas-de-pago-tarjeta-de-credito-3-cuotas","14":"pa_formas-de-pago-tarjeta-de-credito-6-cuotas","15":"pa_formas-de-pago-tarjeta-de-credito-ahora-12","17":"first","18":"instock","19":"shipping-taxable","20":"purchasable","21":"product-type-variable"},"_links":{"self":[{"href":"https:\/\/calibresargentinos.com\/en\/wp-json\/wp\/v2\/product\/651","targetHints":{"allow":["GET"]}}],"collection":[{"href":"https:\/\/calibresargentinos.com\/en\/wp-json\/wp\/v2\/product"}],"about":[{"href":"https:\/\/calibresargentinos.com\/en\/wp-json\/wp\/v2\/types\/product"}],"replies":[{"embeddable":true,"href":"https:\/\/calibresargentinos.com\/en\/wp-json\/wp\/v2\/comments?post=651"}],"wp:featuredmedia":[{"embeddable":true,"href":"https:\/\/calibresargentinos.com\/en\/wp-json\/wp\/v2\/media\/7407"}],"wp:attachment":[{"href":"https:\/\/calibresargentinos.com\/en\/wp-json\/wp\/v2\/media?parent=651"}],"wp:term":[{"taxonomy":"product_brand","embeddable":true,"href":"https:\/\/calibresargentinos.com\/en\/wp-json\/wp\/v2\/product_brand?post=651"},{"taxonomy":"product_cat","embeddable":true,"href":"https:\/\/calibresargentinos.com\/en\/wp-json\/wp\/v2\/product_cat?post=651"},{"taxonomy":"product_tag","embeddable":true,"href":"https:\/\/calibresargentinos.com\/en\/wp-json\/wp\/v2\/product_tag?post=651"}],"curies":[{"name":"wp","href":"https:\/\/api.w.org\/{rel}","templated":true}]}}