{"id":645,"date":"2017-06-06T17:10:30","date_gmt":"2017-06-06T17:10:30","guid":{"rendered":"https:\/\/calibresargentinos.com\/?post_type=product&#038;p=645"},"modified":"2026-04-22T02:22:16","modified_gmt":"2026-04-22T02:22:16","slug":"calibre-de-diametros-oseos-pequeno-calsize","status":"publish","type":"product","link":"https:\/\/calibresargentinos.com\/en\/product\/calibre-de-diametros-oseos-pequeno-calsize\/","title":{"rendered":"Bone Diameter Caliber small Calsize"},"content":{"rendered":"<p>SMALL CALSIZE BONE DIAMETER CALIBER (Code CCC)<\/p>\n<ul>\n<li>Constructed in high resistance virgin ABS plastic<\/li>\n<li>Novedad: Regla milimetrada grabada con l\u00e1ser de alta precisi\u00f3n, m\u00e1ximo contraste, \u00f3ptima lectura y mayor duraci\u00f3n<\/li>\n<li>Parallel flat cylindrical terminations at the terminals of the measuring branches<\/li>\n<li>Perfect fit of the slide (computerized design)<\/li>\n<li>Accuracy: 0.5mm<\/li>\n<li>Resolution: 1mm<\/li>\n<li>Measuring range: 0 - 170mm<\/li>\n<li>1 year warranty<\/li>\n<\/ul>\n<p>This caliber is a tool of specific use, since it serves for the measurement of the Diameters of Humerus, Femur, Bimalleolar, Biestiloideo, Width of Hand and Foot. Because of the location and size of these anthropometric variables, it is essential to have this tool that provides comfort and ease of reading, due to its size and design.<\/p>","protected":false},"excerpt":{"rendered":"<p>El Calibre de di\u00e1metros \u00f3seos peque\u00f1o Calsize est\u00e1 construido en pl\u00e1stico ABS virgen de alta resistencia. Posee una regla milimetrada grabada en l\u00e1ser de alta precisi\u00f3n y dos ramas largas terminadas en bordes cil\u00edndricos paralelos. Este calibre es una herramienta de uso espec\u00edfico que sirve para la medici\u00f3n de los Di\u00e1metros de H\u00famero, F\u00e9mur, Bimaleolar, Biestiloideo, anchos de Mano y Pie. Por la localizaci\u00f3n y el tama\u00f1o de estas variables antropom\u00e9tricas, se hace indispensable contar con esta herramienta que brinda comodidad y facilidad de lectura, por su tama\u00f1o y dise\u00f1o.<\/p>","protected":false},"featured_media":9121,"comment_status":"closed","ping_status":"closed","template":"","meta":[],"product_brand":[],"product_cat":[78],"product_tag":[132,85,102,131,107,104],"class_list":{"0":"post-645","1":"product","2":"type-product","3":"status-publish","4":"has-post-thumbnail","6":"product_cat-calibres-para-huesos","7":"product_tag-antropometro-corto","8":"product_tag-calibre-de-precision","9":"product_tag-calibres-argentinos","10":"product_tag-calibres-de-diametros-oseos-pequeno","11":"product_tag-calibres-para-huesos","12":"product_tag-calsize","13":"pa_formas-de-pago-efectivo","14":"pa_formas-de-pago-tarjeta-de-credito-1-cuota","15":"pa_formas-de-pago-tarjeta-de-credito-3-cuotas","16":"pa_formas-de-pago-tarjeta-de-credito-6-cuotas","17":"pa_formas-de-pago-tarjeta-de-credito-ahora-12","19":"first","20":"instock","21":"shipping-taxable","22":"purchasable","23":"product-type-variable"},"_links":{"self":[{"href":"https:\/\/calibresargentinos.com\/en\/wp-json\/wp\/v2\/product\/645","targetHints":{"allow":["GET"]}}],"collection":[{"href":"https:\/\/calibresargentinos.com\/en\/wp-json\/wp\/v2\/product"}],"about":[{"href":"https:\/\/calibresargentinos.com\/en\/wp-json\/wp\/v2\/types\/product"}],"replies":[{"embeddable":true,"href":"https:\/\/calibresargentinos.com\/en\/wp-json\/wp\/v2\/comments?post=645"}],"wp:featuredmedia":[{"embeddable":true,"href":"https:\/\/calibresargentinos.com\/en\/wp-json\/wp\/v2\/media\/9121"}],"wp:attachment":[{"href":"https:\/\/calibresargentinos.com\/en\/wp-json\/wp\/v2\/media?parent=645"}],"wp:term":[{"taxonomy":"product_brand","embeddable":true,"href":"https:\/\/calibresargentinos.com\/en\/wp-json\/wp\/v2\/product_brand?post=645"},{"taxonomy":"product_cat","embeddable":true,"href":"https:\/\/calibresargentinos.com\/en\/wp-json\/wp\/v2\/product_cat?post=645"},{"taxonomy":"product_tag","embeddable":true,"href":"https:\/\/calibresargentinos.com\/en\/wp-json\/wp\/v2\/product_tag?post=645"}],"curies":[{"name":"wp","href":"https:\/\/api.w.org\/{rel}","templated":true}]}}