{"id":625,"date":"2017-06-05T19:10:29","date_gmt":"2017-06-05T19:10:29","guid":{"rendered":"https:\/\/calibresargentinos.com\/?post_type=product&#038;p=625"},"modified":"2026-04-14T16:04:09","modified_gmt":"2026-04-14T16:04:09","slug":"kit-basico-calibres-argentinos-copia","status":"publish","type":"product","link":"https:\/\/calibresargentinos.com\/en\/product\/kit-basico-calibres-argentinos-copia\/","title":{"rendered":"Complete Kit Calibres Argentinos"},"content":{"rendered":"<p>COMPLETE KIT ARGENTINE CALIBERS (Code KCA)<\/p>\n<p>La versi\u00f3n completa de nuestro kit contiene todas las herramientas necesarias para aplicar la mayor\u00eda de los modelos de c\u00e1lculo Cineantropom\u00e9tricos que permiten realizar an\u00e1lisis exhaustivos sobre la morfolog\u00eda humana: Modelo de fraccionamiento en 5 masas, Somatotipo, Modelos de Proporcionalidad (M\u00e9todo Phantom, M\u00e9todo Combinado), Ecuaciones de masa muscular esquel\u00e9tica, Ecuaciones de masa adiposa o contenido graso, \u00cdndices de proporcionalidad, \u00cdndices de salud e infinidad de modelos m\u00e1s. El Kit Completo contiene los siguientes productos:<\/p>\n<ul>\n<li>1 Caliber of large bone diameters Calibres Argentinos (aluminum \/ virgin ABS)<\/li>\n<li>1 Caliber of small bone diameters Calibres Argentinos (aluminum \/ virgin ABS)<\/li>\n<li>1 Rigid Segmometer Argentine Gauges (aluminum \/ virgin ABS)<\/li>\n<li>1 Calsize caliper (virgin ABS plastic)<\/li>\n<li>1 Anthropometric tape Argentinos Calibres (metallic)<\/li>\n<li>1 Self-adhesive measuring rod<\/li>\n<li>1 Transport box with eva rubber interior<\/li>\n<li>1 year warranty<\/li>\n<\/ul>","protected":false},"excerpt":{"rendered":"<p>The Complete Kit of Argentine Calibres has been developed to offer ergonomic tools, easy to use and transport. With excellent performance in terms of its levels of precision, sensitivity and perseverance. Used by professionals dedicated fully to Cineanthropometry, trained in the application of most analysis models, certified as ISAK Level 2 Technicians. Physicians, nutritionists, trainers, physical trainers, kinesiologists and all those professionals who demand a complete team with excellent construction and presentation quality. It contains:<\/p>\n<ul>\n<li>1 Caliber of large bone diameters Calibres Argentinos (aluminum \/ virgin ABS)<\/li>\n<li>1 Caliber of small bone diameters Calibres Argentinos (aluminum \/ virgin ABS)<\/li>\n<li>1 Rigid Segmometer Argentine Gauges (aluminum \/ virgin ABS)<\/li>\n<li>1 Calsize caliper (virgin ABS plastic)<\/li>\n<li>1 Anthropometric tape Argentinos Calibres (metallic)<\/li>\n<li>1 Self-adhesive measuring rod<\/li>\n<li>1 Transport box with eva rubber interior<\/li>\n<li>1 year warranty<\/li>\n<\/ul>","protected":false},"featured_media":8600,"comment_status":"closed","ping_status":"closed","template":"","meta":[],"product_brand":[],"product_cat":[77],"product_tag":[85,102,107,110,106],"class_list":{"0":"post-625","1":"product","2":"type-product","3":"status-publish","4":"has-post-thumbnail","6":"product_cat-kit-completos","7":"product_tag-calibre-de-precision","8":"product_tag-calibres-argentinos","9":"product_tag-calibres-para-huesos","10":"product_tag-cintas","11":"product_tag-kit-completo","12":"pa_formas-de-pago-efectivo","13":"pa_formas-de-pago-tarjeta-de-credito-1-cuota","14":"pa_formas-de-pago-tarjeta-de-credito-3-cuotas","15":"pa_formas-de-pago-tarjeta-de-credito-6-cuotas","16":"pa_formas-de-pago-tarjeta-de-credito-ahora-12","18":"first","19":"instock","20":"shipping-taxable","21":"purchasable","22":"product-type-variable"},"_links":{"self":[{"href":"https:\/\/calibresargentinos.com\/en\/wp-json\/wp\/v2\/product\/625","targetHints":{"allow":["GET"]}}],"collection":[{"href":"https:\/\/calibresargentinos.com\/en\/wp-json\/wp\/v2\/product"}],"about":[{"href":"https:\/\/calibresargentinos.com\/en\/wp-json\/wp\/v2\/types\/product"}],"replies":[{"embeddable":true,"href":"https:\/\/calibresargentinos.com\/en\/wp-json\/wp\/v2\/comments?post=625"}],"wp:featuredmedia":[{"embeddable":true,"href":"https:\/\/calibresargentinos.com\/en\/wp-json\/wp\/v2\/media\/8600"}],"wp:attachment":[{"href":"https:\/\/calibresargentinos.com\/en\/wp-json\/wp\/v2\/media?parent=625"}],"wp:term":[{"taxonomy":"product_brand","embeddable":true,"href":"https:\/\/calibresargentinos.com\/en\/wp-json\/wp\/v2\/product_brand?post=625"},{"taxonomy":"product_cat","embeddable":true,"href":"https:\/\/calibresargentinos.com\/en\/wp-json\/wp\/v2\/product_cat?post=625"},{"taxonomy":"product_tag","embeddable":true,"href":"https:\/\/calibresargentinos.com\/en\/wp-json\/wp\/v2\/product_tag?post=625"}],"curies":[{"name":"wp","href":"https:\/\/api.w.org\/{rel}","templated":true}]}}