{"id":619,"date":"2017-06-05T18:55:39","date_gmt":"2017-06-05T18:55:39","guid":{"rendered":"https:\/\/calibresargentinos.com\/?post_type=product&#038;p=619"},"modified":"2026-04-12T21:31:28","modified_gmt":"2026-04-12T21:31:28","slug":"kit-basico-calsize","status":"publish","type":"product","link":"https:\/\/calibresargentinos.com\/en\/product\/kit-basico-calsize\/","title":{"rendered":"Basic Kit Calsize"},"content":{"rendered":"<p>CALSIZE BASIC KIT (Code KBC)<\/p>\n<p>The Basic Calsize Kit is intended for the public that applies basic models of anthropometric analysis. All those professionals who are accredited as ISAK Level 1 Technicians find in this their ideal kit. Tools manufactured in virgin ABS plastic of high resistance, stand out for their low cost and high precision. It is delivered in an envelope of black friselina with interior pockets and closing for the comfortable transfer and the protection of its content. The Basic Calsize Kit contains:<\/p>\n<ul>\n<li>1 Calibre de di\u00e1metros \u00f3seos peque\u00f1o Calsize (pl\u00e1stico ABS virgen), regla grabada en l\u00e1ser de alta precisi\u00f3n<\/li>\n<li>1 Plic\u00f3metro Calsize (pl\u00e1stico ABS virgen), regla grabada en l\u00e1ser de alta precisi\u00f3n<\/li>\n<li>1 Cinta antropom\u00e9trica met\u00e1lica<\/li>\n<li>1 Transport bag in black stabilizer with zipper and inside pockets<\/li>\n<li>1 year warranty<\/li>\n<\/ul>","protected":false},"excerpt":{"rendered":"<p>A toolkit designed for professionals who use the basic models of anthropometric calculations: Somatotype, Equations to estimate fat %, Sum of folds. It contains the necessary instruments for Level 1 Technicians (ISAK):<\/p>\n<ul>\n<li>1 Calibre de di\u00e1metros \u00f3seos peque\u00f1o Calsize (pl\u00e1stico ABS virgen), regla grabada en l\u00e1ser de alta precisi\u00f3n<\/li>\n<li>1 Plic\u00f3metro Calsize (pl\u00e1stico ABS virgen), regla grabada en l\u00e1ser de alta precisi\u00f3n<\/li>\n<li>1 Cinta antropom\u00e9trica met\u00e1lica<\/li>\n<li>1 Transport bag in black stabilizer with zipper and inside pockets<\/li>\n<li>1 year warranty<\/li>\n<\/ul>","protected":false},"featured_media":9111,"comment_status":"closed","ping_status":"closed","template":"","meta":[],"product_brand":[],"product_cat":[78,80,76,75],"product_tag":[85,102,107,104,110,125,126],"class_list":{"0":"post-619","1":"product","2":"type-product","3":"status-publish","4":"has-post-thumbnail","6":"product_cat-calibres-para-huesos","7":"product_cat-cintas","8":"product_cat-kit-basicos","9":"product_cat-plicometros","10":"product_tag-calibre-de-precision","11":"product_tag-calibres-argentinos","12":"product_tag-calibres-para-huesos","13":"product_tag-calsize","14":"product_tag-cintas","15":"product_tag-kit-antropometrico","16":"product_tag-kit-antrropometrico-basico","17":"pa_formas-de-pago-efectivo","18":"pa_formas-de-pago-tarjeta-de-credito-1-cuota","19":"pa_formas-de-pago-tarjeta-de-credito-3-cuotas","20":"pa_formas-de-pago-tarjeta-de-credito-6-cuotas","21":"pa_formas-de-pago-tarjeta-de-credito-ahora-12","23":"first","24":"instock","25":"shipping-taxable","26":"purchasable","27":"product-type-variable"},"_links":{"self":[{"href":"https:\/\/calibresargentinos.com\/en\/wp-json\/wp\/v2\/product\/619","targetHints":{"allow":["GET"]}}],"collection":[{"href":"https:\/\/calibresargentinos.com\/en\/wp-json\/wp\/v2\/product"}],"about":[{"href":"https:\/\/calibresargentinos.com\/en\/wp-json\/wp\/v2\/types\/product"}],"replies":[{"embeddable":true,"href":"https:\/\/calibresargentinos.com\/en\/wp-json\/wp\/v2\/comments?post=619"}],"wp:featuredmedia":[{"embeddable":true,"href":"https:\/\/calibresargentinos.com\/en\/wp-json\/wp\/v2\/media\/9111"}],"wp:attachment":[{"href":"https:\/\/calibresargentinos.com\/en\/wp-json\/wp\/v2\/media?parent=619"}],"wp:term":[{"taxonomy":"product_brand","embeddable":true,"href":"https:\/\/calibresargentinos.com\/en\/wp-json\/wp\/v2\/product_brand?post=619"},{"taxonomy":"product_cat","embeddable":true,"href":"https:\/\/calibresargentinos.com\/en\/wp-json\/wp\/v2\/product_cat?post=619"},{"taxonomy":"product_tag","embeddable":true,"href":"https:\/\/calibresargentinos.com\/en\/wp-json\/wp\/v2\/product_tag?post=619"}],"curies":[{"name":"wp","href":"https:\/\/api.w.org\/{rel}","templated":true}]}}