{"id":608,"date":"2017-06-05T18:53:28","date_gmt":"2017-06-05T18:53:28","guid":{"rendered":"https:\/\/calibresargentinos.com\/?post_type=product&#038;p=608"},"modified":"2026-04-25T13:30:53","modified_gmt":"2026-04-25T13:30:53","slug":"kit-basico-calibres-argentinos","status":"publish","type":"product","link":"https:\/\/calibresargentinos.com\/en\/product\/kit-basico-calibres-argentinos\/","title":{"rendered":"Basic Kit Calibres Argentinos"},"content":{"rendered":"<p>CALIBRES ARGENTINOS BASIC KIT (Code KBA)<\/p>\n<p>Con una presentaci\u00f3n profesional y herramientas de alta calidad y precisi\u00f3n, es el set preferido por quienes aplican modelos b\u00e1sicos de an\u00e1lisis antropom\u00e9trico. Nutricionistas, M\u00e9dicos deport\u00f3logos, Kinesi\u00f3logos y todo aquel profesional que est\u00e9 acreditado como T\u00e9cnico Nivel 1 de ISAK encuentra en este su kit ideal. El Kit B\u00e1sico Calibres Argentinos contiene:<\/p>\n<ul>\n<li style=\"list-style-type: none;\">\n<ul>\n<li>1 Caliber of small bone diameters Calibres Argentinos (aluminum \/ virgin ABS)<\/li>\n<li>1 Calsize Pliometer (virgin ABS)<\/li>\n<li>1 Cinta antropom\u00e9trica met\u00e1lica<\/li>\n<li>1 Self-adhesive measuring rod<\/li>\n<li>1 Caja de transporte<\/li>\n<li>1 year warranty<\/li>\n<\/ul>\n<\/li>\n<\/ul>","protected":false},"excerpt":{"rendered":"<p>A toolkit designed for professionals who use the basic models of anthropometric calculations: Somatotype, Equations to estimate fat %, Sum of folds. It contains the necessary instruments for Level 1 Technicians (ISAK):<\/p>\n<ul>\n<li>1 Caliber of small bone diameters Calibres Argentinos (aluminum \/ virgin ABS)<\/li>\n<li>1 Calsize Pliometer (virgin ABS)<\/li>\n<li>1 Cinta antropom\u00e9trica met\u00e1lica<\/li>\n<li>1 Self-adhesive measuring rod<\/li>\n<li>1 Caja de transporte<\/li>\n<li>1 year warranty<\/li>\n<\/ul>","protected":false},"featured_media":8959,"comment_status":"closed","ping_status":"closed","template":"","meta":[],"product_brand":[],"product_cat":[76],"product_tag":[85,102,107,104,110,126,127],"class_list":{"0":"post-608","1":"product","2":"type-product","3":"status-publish","4":"has-post-thumbnail","6":"product_cat-kit-basicos","7":"product_tag-calibre-de-precision","8":"product_tag-calibres-argentinos","9":"product_tag-calibres-para-huesos","10":"product_tag-calsize","11":"product_tag-cintas","12":"product_tag-kit-antrropometrico-basico","13":"product_tag-kit-basico","14":"pa_formas-de-pago-efectivo","15":"pa_formas-de-pago-tarjeta-de-credito-1-cuota","16":"pa_formas-de-pago-tarjeta-de-credito-3-cuotas","17":"pa_formas-de-pago-tarjeta-de-credito-6-cuotas","18":"pa_formas-de-pago-tarjeta-de-credito-ahora-12","20":"first","21":"instock","22":"shipping-taxable","23":"purchasable","24":"product-type-variable"},"_links":{"self":[{"href":"https:\/\/calibresargentinos.com\/en\/wp-json\/wp\/v2\/product\/608","targetHints":{"allow":["GET"]}}],"collection":[{"href":"https:\/\/calibresargentinos.com\/en\/wp-json\/wp\/v2\/product"}],"about":[{"href":"https:\/\/calibresargentinos.com\/en\/wp-json\/wp\/v2\/types\/product"}],"replies":[{"embeddable":true,"href":"https:\/\/calibresargentinos.com\/en\/wp-json\/wp\/v2\/comments?post=608"}],"wp:featuredmedia":[{"embeddable":true,"href":"https:\/\/calibresargentinos.com\/en\/wp-json\/wp\/v2\/media\/8959"}],"wp:attachment":[{"href":"https:\/\/calibresargentinos.com\/en\/wp-json\/wp\/v2\/media?parent=608"}],"wp:term":[{"taxonomy":"product_brand","embeddable":true,"href":"https:\/\/calibresargentinos.com\/en\/wp-json\/wp\/v2\/product_brand?post=608"},{"taxonomy":"product_cat","embeddable":true,"href":"https:\/\/calibresargentinos.com\/en\/wp-json\/wp\/v2\/product_cat?post=608"},{"taxonomy":"product_tag","embeddable":true,"href":"https:\/\/calibresargentinos.com\/en\/wp-json\/wp\/v2\/product_tag?post=608"}],"curies":[{"name":"wp","href":"https:\/\/api.w.org\/{rel}","templated":true}]}}