{"id":13270,"date":"2026-02-24T19:33:42","date_gmt":"2026-02-24T19:33:42","guid":{"rendered":"https:\/\/calibresargentinos.com\/?post_type=product&#038;p=13270"},"modified":"2026-02-24T19:36:42","modified_gmt":"2026-02-24T19:36:42","slug":"complemento-nivel-2","status":"publish","type":"product","link":"https:\/\/calibresargentinos.com\/en\/product\/complemento-nivel-2\/","title":{"rendered":"Complemento Nivel 2"},"content":{"rendered":"<p>Es un Set de herramientas pensado para aquellos Antropometristas que ya tienen las herramientas de Nivel 1 y quieren completar su juego, integrando el Calibre de di\u00e1metros \u00f3seos grande y el Segm\u00f3metro, tras cursar su Nivel 2 de antropometr\u00eda.<\/p>","protected":false},"excerpt":{"rendered":"<p>Este set contiene:<\/p>\n<ul>\n<li>1 Calibre de di\u00e1metros \u00f3seos grande. Regla de aluminio con escala grabada en l\u00e1ser y ramas de pl\u00e1stico ABS virgen de alta resistencia<\/li>\n<li>1 Segm\u00f3metro r\u00edgido (dise\u00f1o exclusivo de Calibres Argentinos). Regla de aluminio con escala grabada en l\u00e1ser y ramas de pl\u00e1stico ABS virgen de alta resistencia<\/li>\n<li>1 Caja de transporte con interior para autoguardado seguro<\/li>\n<\/ul>","protected":false},"featured_media":13277,"comment_status":"closed","ping_status":"closed","template":"","meta":[],"product_brand":[],"product_cat":[78,77,79],"product_tag":[],"class_list":{"0":"post-13270","1":"product","2":"type-product","3":"status-publish","4":"has-post-thumbnail","6":"product_cat-calibres-para-huesos","7":"product_cat-kit-completos","8":"product_cat-segmometros","9":"pa_formas-de-pago-contado","10":"pa_formas-de-pago-tarjeta-de-credito-1-cuota","11":"pa_formas-de-pago-tarjeta-de-credito-12-cuotas","12":"pa_formas-de-pago-tarjeta-de-credito-3-cuotas","13":"pa_formas-de-pago-tarjeta-de-credito-6-cuotas","15":"first","16":"instock","17":"shipping-taxable","18":"purchasable","19":"product-type-variable","20":"has-default-attributes"},"_links":{"self":[{"href":"https:\/\/calibresargentinos.com\/en\/wp-json\/wp\/v2\/product\/13270","targetHints":{"allow":["GET"]}}],"collection":[{"href":"https:\/\/calibresargentinos.com\/en\/wp-json\/wp\/v2\/product"}],"about":[{"href":"https:\/\/calibresargentinos.com\/en\/wp-json\/wp\/v2\/types\/product"}],"replies":[{"embeddable":true,"href":"https:\/\/calibresargentinos.com\/en\/wp-json\/wp\/v2\/comments?post=13270"}],"wp:featuredmedia":[{"embeddable":true,"href":"https:\/\/calibresargentinos.com\/en\/wp-json\/wp\/v2\/media\/13277"}],"wp:attachment":[{"href":"https:\/\/calibresargentinos.com\/en\/wp-json\/wp\/v2\/media?parent=13270"}],"wp:term":[{"taxonomy":"product_brand","embeddable":true,"href":"https:\/\/calibresargentinos.com\/en\/wp-json\/wp\/v2\/product_brand?post=13270"},{"taxonomy":"product_cat","embeddable":true,"href":"https:\/\/calibresargentinos.com\/en\/wp-json\/wp\/v2\/product_cat?post=13270"},{"taxonomy":"product_tag","embeddable":true,"href":"https:\/\/calibresargentinos.com\/en\/wp-json\/wp\/v2\/product_tag?post=13270"}],"curies":[{"name":"wp","href":"https:\/\/api.w.org\/{rel}","templated":true}]}}