{"id":11261,"date":"2025-05-29T12:49:08","date_gmt":"2025-05-29T12:49:08","guid":{"rendered":"https:\/\/calibresargentinos.com\/?post_type=product&#038;p=11261"},"modified":"2026-02-28T23:54:18","modified_gmt":"2026-02-28T23:54:18","slug":"calibre-de-diametros-oseos-pequeno-calsize-regla-autoadhesiva","status":"publish","type":"product","link":"https:\/\/calibresargentinos.com\/en\/product\/calibre-de-diametros-oseos-pequeno-calsize-regla-autoadhesiva\/","title":{"rendered":"Calibre de Di\u00e1metros \u00f3seos peque\u00f1o Calsize (Regla autoadhesiva)"},"content":{"rendered":"<p>El Calibre de di\u00e1metros \u00f3seos peque\u00f1o Calsize est\u00e1 construido en pl\u00e1stico ABS virgen de alta resistencia. Posee una regla milimetrada adherida al cuerpo del calibre y dos ramas largas terminadas en bordes cil\u00edndricos paralelos. Este calibre es una herramienta de uso espec\u00edfico que sirve para la medici\u00f3n de los Di\u00e1metros de H\u00famero, F\u00e9mur, Bimaleolar, Biestiloideo, anchos de Mano y Pie. Por la localizaci\u00f3n y el tama\u00f1o de estas variables antropom\u00e9tricas, se hace indispensable contar con esta herramienta que brinda comodidad y facilidad de lectura, por su tama\u00f1o y dise\u00f1o.<\/p>","protected":false},"excerpt":{"rendered":"<p>El Calibre de di\u00e1metros \u00f3seos peque\u00f1o Calsize est\u00e1 construido en pl\u00e1stico ABS virgen de alta resistencia. Posee una regla milimetrada de policarbonato adherida al cuerpo del calibre y dos ramas largas terminadas en bordes cil\u00edndricos paralelos. Este calibre es una herramienta de uso espec\u00edfico que sirve para la medici\u00f3n de los Di\u00e1metros de H\u00famero, F\u00e9mur, Bimaleolar, Biestiloideo, anchos de Mano y Pie. Por la localizaci\u00f3n y el tama\u00f1o de estas variables antropom\u00e9tricas, se hace indispensable contar con esta herramienta que brinda comodidad y facilidad de lectura, por su tama\u00f1o y dise\u00f1o.<\/p>","protected":false},"featured_media":649,"comment_status":"closed","ping_status":"closed","template":"","meta":[],"product_brand":[],"product_cat":[78,179],"product_tag":[],"class_list":{"0":"post-11261","1":"product","2":"type-product","3":"status-publish","4":"has-post-thumbnail","6":"product_cat-calibres-para-huesos","7":"product_cat-ofertas","9":"first","10":"instock","11":"sale","12":"shipping-taxable","13":"purchasable","14":"product-type-simple"},"_links":{"self":[{"href":"https:\/\/calibresargentinos.com\/en\/wp-json\/wp\/v2\/product\/11261","targetHints":{"allow":["GET"]}}],"collection":[{"href":"https:\/\/calibresargentinos.com\/en\/wp-json\/wp\/v2\/product"}],"about":[{"href":"https:\/\/calibresargentinos.com\/en\/wp-json\/wp\/v2\/types\/product"}],"replies":[{"embeddable":true,"href":"https:\/\/calibresargentinos.com\/en\/wp-json\/wp\/v2\/comments?post=11261"}],"wp:featuredmedia":[{"embeddable":true,"href":"https:\/\/calibresargentinos.com\/en\/wp-json\/wp\/v2\/media\/649"}],"wp:attachment":[{"href":"https:\/\/calibresargentinos.com\/en\/wp-json\/wp\/v2\/media?parent=11261"}],"wp:term":[{"taxonomy":"product_brand","embeddable":true,"href":"https:\/\/calibresargentinos.com\/en\/wp-json\/wp\/v2\/product_brand?post=11261"},{"taxonomy":"product_cat","embeddable":true,"href":"https:\/\/calibresargentinos.com\/en\/wp-json\/wp\/v2\/product_cat?post=11261"},{"taxonomy":"product_tag","embeddable":true,"href":"https:\/\/calibresargentinos.com\/en\/wp-json\/wp\/v2\/product_tag?post=11261"}],"curies":[{"name":"wp","href":"https:\/\/api.w.org\/{rel}","templated":true}]}}