{"id":8653,"date":"2024-05-20T12:11:24","date_gmt":"2024-05-20T12:11:24","guid":{"rendered":"https:\/\/calibresargentinos.com\/?page_id=8653"},"modified":"2026-02-24T19:57:01","modified_gmt":"2026-02-24T19:57:01","slug":"ofertas","status":"publish","type":"page","link":"https:\/\/calibresargentinos.com\/en\/ofertas\/","title":{"rendered":"Ofertas"},"content":{"rendered":"<div class=\"banner has-hover has-parallax\" id=\"banner-418463899\">\n          <div class=\"banner-inner fill\">\n        <div class=\"banner-bg fill\" data-parallax=\"-6\" data-parallax-container=\".banner\" data-parallax-background>\n            <img loading=\"lazy\" decoding=\"async\" width=\"1020\" height=\"532\" src=\"https:\/\/calibresargentinos.com\/wp-content\/uploads\/2024\/05\/20240511_090956-1400x730.jpg\" class=\"bg attachment-large size-large\" alt=\"\" \/>                        <div class=\"overlay\"><\/div>            \n                    <\/div>\n\t\t\n        <div class=\"banner-layers container\">\n            <div class=\"fill banner-link\"><\/div>            \n\n   <div id=\"text-box-1610542930\" class=\"text-box banner-layer x50 md-x50 lg-x50 y50 md-y50 lg-y50 res-text\">\n                                <div class=\"text-box-content text dark\">\n              \n              <div class=\"text-inner text-center\">\n                  \n\n<h2 class=\"uppercase\"><strong>combos y ofertas<\/strong><\/h2>\n\n              <\/div>\n           <\/div>\n                            \n<style>\n#text-box-1610542930 {\n  width: 60%;\n}\n#text-box-1610542930 .text-box-content {\n  font-size: 100%;\n}\n<\/style>\n    <\/div>\n \n\n        <\/div>\n      <\/div>\n\n            \n<style>\n#banner-418463899 {\n  padding-top: 200px;\n}\n#banner-418463899 .overlay {\n  background-color: rgba(0,0,0,.5);\n}\n<\/style>\n  <\/div>\n\n\n<div class=\"container section-title-container\" ><h3 class=\"section-title section-title-bold-center\"><b aria-hidden=\"true\"><\/b><span class=\"section-title-main\" >Ofertas exclusivas pago contado<\/span><b aria-hidden=\"true\"><\/b><\/h3><\/div>\n\n\t\n  \n    <div class=\"row productos-ofertas-box equalize-box large-columns-2 medium-columns- small-columns- row-large has-shadow row-box-shadow-5 row-box-shadow-5-hover\" >\n  \n\t     <div class=\"col\" data-animate=\"bounceIn\">\n\t\t\t\t\t\t<div class=\"col-inner\">\n\t\t\t\t\t\t\n<div class=\"badge-container absolute left top z-1\">\n<div class=\"callout badge badge-circle\"><div class=\"badge-inner secondary on-sale\"><span class=\"onsale\" data-no-translation=\"\" data-trp-gettext=\"\">Sale!<\/span><\/div><\/div>\n<\/div>\n\t\t\t\t\t\t<div class=\"product-small box productos-ofertas-box has-hover box-bounce box-text-bottom\">\n\t\t\t\t\t\t\t<div class=\"box-image\" >\n\t\t\t\t\t\t\t\t<div class=\"image-zoom\" >\n\t\t\t\t\t\t\t\t\t<a href=\"https:\/\/calibresargentinos.com\/en\/product\/calibre-de-diametros-oseos-pequeno-calsize-regla-autoadhesiva\/\" aria-label=\"Calibre de Di\u00e1metros \u00f3seos peque\u00f1o Calsize (Regla autoadhesiva)\">\n\t\t\t\t\t\t\t\t\t\t<img loading=\"lazy\" decoding=\"async\" width=\"300\" height=\"300\" src=\"https:\/\/calibresargentinos.com\/wp-content\/uploads\/2017\/06\/CC-Calszie-oscuro-detalle-2-300x300.jpg\" class=\"show-on-hover absolute fill hide-for-small back-image\" alt=\"Calibre Calsize\" aria-hidden=\"true\" srcset=\"https:\/\/calibresargentinos.com\/wp-content\/uploads\/2017\/06\/CC-Calszie-oscuro-detalle-2-300x300.jpg 300w, https:\/\/calibresargentinos.com\/wp-content\/uploads\/2017\/06\/CC-Calszie-oscuro-detalle-2-100x100.jpg 100w, https:\/\/calibresargentinos.com\/wp-content\/uploads\/2017\/06\/CC-Calszie-oscuro-detalle-2-280x280.jpg 280w\" sizes=\"auto, (max-width: 300px) 100vw, 300px\" \/><img loading=\"lazy\" decoding=\"async\" width=\"300\" height=\"300\" src=\"https:\/\/calibresargentinos.com\/wp-content\/uploads\/2017\/06\/CC-Calsize-oscuro-detalle-300x300.jpg\" class=\"attachment-woocommerce_thumbnail size-woocommerce_thumbnail\" alt=\"Calibre Calsize\" srcset=\"https:\/\/calibresargentinos.com\/wp-content\/uploads\/2017\/06\/CC-Calsize-oscuro-detalle-300x300.jpg 300w, https:\/\/calibresargentinos.com\/wp-content\/uploads\/2017\/06\/CC-Calsize-oscuro-detalle-100x100.jpg 100w, https:\/\/calibresargentinos.com\/wp-content\/uploads\/2017\/06\/CC-Calsize-oscuro-detalle-280x280.jpg 280w\" sizes=\"auto, (max-width: 300px) 100vw, 300px\" \/>\t\t\t\t\t\t\t\t\t<\/a>\n\t\t\t\t\t\t\t\t\t<div class=\"overlay fill\" style=\"background-color: rgba(195, 44, 44, 0)\"><\/div>\t\t\t\t\t\t\t\t\t \t\t\t\t\t\t\t\t<\/div>\n\t\t\t\t\t\t\t\t<div class=\"image-tools top right show-on-hover\">\n\t\t\t\t\t\t\t\t\t\t\t<div class=\"wishlist-icon\">\n\t\t\t<button class=\"wishlist-button button is-outline circle icon\" aria-label=\"Wishlist\">\n\t\t\t\t<i class=\"icon-heart-o\" aria-hidden=\"true\"><\/i>\t\t\t<\/button>\n\t\t\t<div class=\"wishlist-popup dark\">\n\t\t\t\t\n<div\n\tclass=\"yith-wcwl-add-to-wishlist add-to-wishlist-11261 yith-wcwl-add-to-wishlist--link-style wishlist-fragment on-first-load\"\n\tdata-fragment-ref=\"11261\"\n\tdata-fragment-options=\"{&quot;base_url&quot;:&quot;&quot;,&quot;product_id&quot;:11261,&quot;parent_product_id&quot;:0,&quot;product_type&quot;:&quot;simple&quot;,&quot;is_single&quot;:false,&quot;in_default_wishlist&quot;:false,&quot;show_view&quot;:false,&quot;browse_wishlist_text&quot;:&quot;Navegar por Lista de Deseos&quot;,&quot;already_in_wishslist_text&quot;:&quot;El producto ya est\\u00e1 en la lista de deseos!&quot;,&quot;product_added_text&quot;:&quot;Producto a\\u00f1adido!&quot;,&quot;available_multi_wishlist&quot;:false,&quot;disable_wishlist&quot;:false,&quot;show_count&quot;:false,&quot;ajax_loading&quot;:false,&quot;loop_position&quot;:false,&quot;item&quot;:&quot;add_to_wishlist&quot;}\"\n>\n\t\t\t\n\t\t\t<!-- ADD TO WISHLIST -->\n\t\t\t\n<div class=\"yith-wcwl-add-button\">\n\t\t<a\n\t\thref=\"?add_to_wishlist=11261&#038;_wpnonce=22d17f44dc\"\n\t\tclass=\"add_to_wishlist single_add_to_wishlist\"\n\t\tdata-product-id=\"11261\"\n\t\tdata-product-type=\"simple\"\n\t\tdata-original-product-id=\"0\"\n\t\tdata-title=\"A\u00f1adir a la lista de deseos\"\n\t\trel=\"nofollow\"\n\t>\n\t\t<svg id=\"yith-wcwl-icon-heart-outline\" class=\"yith-wcwl-icon-svg\" fill=\"none\" stroke-width=\"1.5\" stroke=\"currentColor\" viewbox=\"0 0 24 24\" xmlns=\"http:\/\/www.w3.org\/2000\/svg\">\n  <path stroke-linecap=\"round\" stroke-linejoin=\"round\" d=\"M21 8.25c0-2.485-2.099-4.5-4.688-4.5-1.935 0-3.597 1.126-4.312 2.733-.715-1.607-2.377-2.733-4.313-2.733C5.1 3.75 3 5.765 3 8.25c0 7.22 9 12 9 12s9-4.78 9-12Z\"><\/path>\n<\/svg>\t\t<span>Add to wish list<\/span>\n\t<\/a>\n<\/div>\n\n\t\t\t<!-- COUNT TEXT -->\n\t\t\t\n\t\t\t<\/div>\n\t\t\t<\/div>\n\t\t<\/div>\n\t\t\t\t\t\t\t\t\t\t<\/div>\n\t\t\t\t\t\t\t\t\t\t\t\t\t\t\t\t\t<div class=\"image-tools grid-tools text-center hide-for-small bottom hover-slide-in show-on-hover\">\n\t\t\t\t\t\t\t\t\t\t<a href=\"\/en\/wp-json\/wp\/v2\/pages\/8653?add-to-cart=11261\" aria-describedby=\"woocommerce_loop_add_to_cart_link_describedby_11261\" data-quantity=\"1\" class=\"add-to-cart-grid no-padding is-transparent product_type_simple add_to_cart_button ajax_add_to_cart\" data-product_id=\"11261\" data-product_sku=\"\" aria-label=\"Add to cart: \u201cCalibre de Di\u00e1metros \u00f3seos peque\u00f1o Calsize (Regla autoadhesiva)\u201d\" rel=\"nofollow\" data-success_message=\"\u201cCalibre de Di\u00e1metros \u00f3seos peque\u00f1o Calsize (Regla autoadhesiva)\u201d has been added to your cart\" data-product_price=\"40000\" data-product_name=\"Calibre de Di\u00e1metros \u00f3seos peque\u00f1o Calsize (Regla autoadhesiva)\" data-google_product_id=\"\" role=\"button\" data-no-translation-aria-label=\"\" data-no-translation-data-success_message=\"\"><div class=\"cart-icon tooltip is-small\" title=\"A\u00f1adir al carrito\" data-no-translation-title=\"\"><strong>+<\/strong><\/div><\/a>\t<span id=\"woocommerce_loop_add_to_cart_link_describedby_11261\" class=\"screen-reader-text\">\n\t\t\t<\/span>\n<a href=\"#quick-view\" class=\"quick-view\" role=\"button\" data-prod=\"11261\" aria-haspopup=\"dialog\" aria-expanded=\"false\" data-flatsome-role-button>Quick View<\/a>\t\t\t\t\t\t\t\t\t<\/div>\n\t\t\t\t\t\t\t\t\t\t\t\t\t\t\t\t\t\t\t\t\t\t\t<\/div>\n\n\t\t\t\t\t\t\t<div class=\"box-text text-center\" >\n\t\t\t\t\t\t\t\t<div class=\"title-wrapper\"><p class=\"name product-title woocommerce-loop-product__title\"><a href=\"https:\/\/calibresargentinos.com\/en\/product\/calibre-de-diametros-oseos-pequeno-calsize-regla-autoadhesiva\/\" class=\"woocommerce-LoopProduct-link woocommerce-loop-product__link\">Calibre de Di\u00e1metros \u00f3seos peque\u00f1o Calsize (Regla autoadhesiva)<\/a><\/p><\/div><div class=\"price-wrapper\">\n\t<span class=\"price\"><del aria-hidden=\"true\"><span class=\"woocommerce-Price-amount amount\"><bdi><span class=\"woocommerce-Price-currencySymbol\">&#36;<\/span>&nbsp;56,000.00<\/bdi><\/span><\/del> <span class=\"screen-reader-text\" data-no-translation=\"\" data-trp-gettext=\"\">Original price was: &#036;&nbsp;56,000.00.<\/span><ins aria-hidden=\"true\"><span class=\"woocommerce-Price-amount amount\"><bdi><span class=\"woocommerce-Price-currencySymbol\">&#36;<\/span>&nbsp;40,000.00<\/bdi><\/span><\/ins><span class=\"screen-reader-text\" data-no-translation=\"\" data-trp-gettext=\"\">Current price is: &#036;&nbsp;40,000.00.<\/span><\/span>\n<\/div>\t\t\t\t\t\t\t<\/div>\n\t\t\t\t\t\t<\/div>\n\t\t\t\t\t\t<\/div>\n\t\t\t\t\t<\/div><\/div>","protected":false},"excerpt":{"rendered":"","protected":false},"author":1,"featured_media":0,"parent":0,"menu_order":0,"comment_status":"closed","ping_status":"closed","template":"page-blank.php","meta":{"footnotes":""},"class_list":["post-8653","page","type-page","status-publish","hentry"],"_links":{"self":[{"href":"https:\/\/calibresargentinos.com\/en\/wp-json\/wp\/v2\/pages\/8653","targetHints":{"allow":["GET"]}}],"collection":[{"href":"https:\/\/calibresargentinos.com\/en\/wp-json\/wp\/v2\/pages"}],"about":[{"href":"https:\/\/calibresargentinos.com\/en\/wp-json\/wp\/v2\/types\/page"}],"author":[{"embeddable":true,"href":"https:\/\/calibresargentinos.com\/en\/wp-json\/wp\/v2\/users\/1"}],"replies":[{"embeddable":true,"href":"https:\/\/calibresargentinos.com\/en\/wp-json\/wp\/v2\/comments?post=8653"}],"version-history":[{"count":30,"href":"https:\/\/calibresargentinos.com\/en\/wp-json\/wp\/v2\/pages\/8653\/revisions"}],"predecessor-version":[{"id":13293,"href":"https:\/\/calibresargentinos.com\/en\/wp-json\/wp\/v2\/pages\/8653\/revisions\/13293"}],"wp:attachment":[{"href":"https:\/\/calibresargentinos.com\/en\/wp-json\/wp\/v2\/media?parent=8653"}],"curies":[{"name":"wp","href":"https:\/\/api.w.org\/{rel}","templated":true}]}}