{"id":28,"date":"2016-08-04T11:15:19","date_gmt":"2016-08-04T11:15:19","guid":{"rendered":"http:\/\/flatsome.dev\/?page_id=8412"},"modified":"2022-10-21T03:58:16","modified_gmt":"2022-10-21T03:58:16","slug":"control-de-calidad","status":"publish","type":"page","link":"https:\/\/calibresargentinos.com\/en\/control-de-calidad\/","title":{"rendered":"Quality Control"},"content":{"rendered":"\n\n  <div class=\"banner has-hover has-parallax\" id=\"banner-1038760997\">\n          <div class=\"banner-inner fill\">\n        <div class=\"banner-bg fill\" data-parallax=\"-8\" data-parallax-container=\".banner\" data-parallax-background>\n            <img loading=\"lazy\" decoding=\"async\" width=\"1020\" height=\"677\" src=\"https:\/\/calibresargentinos.com\/wp-content\/uploads\/2017\/11\/Celda-13ByN-1206x800.jpg\" class=\"bg attachment-large size-large\" alt=\"\" \/>                                    \n                    <\/div>\n\t\t\n        <div class=\"banner-layers container\">\n            <div class=\"fill banner-link\"><\/div>            \n\n   <div id=\"text-box-402713610\" class=\"text-box banner-layer x50 md-x50 lg-x50 y50 md-y50 lg-y50 res-text\">\n              <div data-parallax=\"-4\" data-parallax-fade=\"true\">                  <div class=\"text-box-content text dark\">\n              \n              <div class=\"text-inner text-center\">\n                  \n\n<h2 class=\"uppercase\"><strong>Control de calidad<\/strong><\/h2>\n<div class=\"is-divider divider clearfix\" ><\/div>\n\n\n              <\/div>\n           <\/div>\n              <\/div>              \n<style>\n#text-box-402713610 {\n  width: 66%;\n}\n#text-box-402713610 .text-box-content {\n  font-size: 100%;\n}\n<\/style>\n    <\/div>\n \n\n        <\/div>\n      <\/div>\n\n            \n<style>\n#banner-1038760997 {\n  padding-top: 200px;\n}\n#banner-1038760997 .banner-bg img {\n  object-position: 51% 32%;\n}\n<\/style>\n  <\/div>\n\n\n<div class=\"container section-title-container\" ><h3 class=\"section-title section-title-bold-center\"><b aria-hidden=\"true\"><\/b><span class=\"section-title-main\" >Nuestra Calidad<\/span><b aria-hidden=\"true\"><\/b><\/h3><\/div>\n\n<div class=\"row\"  id=\"row-618540628\">\n\n\n\t<div id=\"col-804484404\" class=\"col medium-8 small-12 large-8\"  >\n\t\t\t\t<div class=\"col-inner\"  >\n\t\t\t\n\t\t\t\n\n<h3>Departamento de Control de Calidad<\/h3>\n<p>La preocupaci\u00f3n por la calidad de los productos que fabricamos nos obliga d\u00eda a d\u00eda a buscar nuevas soluciones que permitan mejoras en este aspecto.<\/p>\n<p>Al control individual de cada herramienta, que se valida por diferentes metodolog\u00edas de trabajo, hemos sumado el control de la materia prima y la certificaci\u00f3n externa de los instrumentos de medici\u00f3n.<\/p>\n<p>En ese sentido el INTI (Instituto Nacional de Tecnolog\u00eda Industrial), nos ha otorgado el Certificado de Calibraci\u00f3n (OT N\u00b0 ROS-106-10180), para los instrumentos de uso corriente de nuestro Departamento de Control de Calidad, donde se verifica la capacidad de medida (Incertidumbre), que poseen nuestros calibres de di\u00e1metros, segm\u00f3metros y cintas antropom\u00e9tricas.<\/p>\n<p>En tanto la empresa Sipel a trav\u00e9s de su Laboratorio de calibraci\u00f3n de masas y balanzas, que emplea instrumentos certificados por el INTI (Certificado 1467-S10-0714), ha verificado y certificado la celda de carga (Sensibilidad, Fidelidad, Hist\u00e9resis, Errores de indicaci\u00f3n e Incertidumbre), con la que se mide la presi\u00f3n de los Plic\u00f3metros que fabricamos (Certificado M-5200-00-1214).<\/p>\n\t<div id=\"gap-1961131321\" class=\"gap-element clearfix\" style=\"display:block; height:auto;\">\n\t\t\n<style>\n#gap-1961131321 {\n  padding-top: 30px;\n}\n<\/style>\n\t<\/div>\n\t\n\n<h3>Certificado de Calibraci\u00f3n<\/h3>\n<p>Estos cambios en nuestro sistema de Control de Calidad nos permiten, a partir del mes de abril de 2015, otorgar a nuestros clientes, para cada una de nuestras herramientas y\/o equipos (Kits b\u00e1sicos o completo), el Certificado de Calibraci\u00f3n correspondiente.<\/p>\n<p>Este documento t\u00e9cnico, avalado por las certificaciones conseguidas por nuestra empresa, provee al comprador de valiosa informaci\u00f3n que avala el uso de las herramientas Calsize y Calibres Argentinos en proyectos t\u00e9cnicos de investigaci\u00f3n supervisados por Comit\u00e9s T\u00e9cnicos de diferentes instituciones acad\u00e9micas y gubernamentales.<\/p>\n<p>Los documentos mencionados pueden descargarse de los siguientes enlaces:<\/p>\n<ul>\n<li><a href=\"#lightbox01\">Certificado de Calibraci\u00f3n M-5200-00-1214, Sipel Tecnolog\u00eda en Pesaje<\/a><\/li>\n<li><a href=\"#lightbox02\">Certificado de Calibraci\u00f3n OT N\u00b0 ROS-106-10180, INTI, Instituto Nacional de Tecnolog\u00eda Industrial<\/a><\/li>\n<li><a href=\"#lightbox03\">Formato Certificado de Calibraci\u00f3n de instrumentos de Calibres Argentinos S.R.L.<\/a><\/li>\n<\/ul>\n\t<div id=\"lightbox01\"\n\t     class=\"lightbox-by-id lightbox-content mfp-hide lightbox-white \"\n\t     style=\"max-width:800px ;padding:20px\">\n\t\t\n<a href=\"https:\/\/calibresargentinos.com\/wp-content\/uploads\/2016\/08\/certificado_de_calibracion_m_5200_00_1214_sipel_tecnologia_en_pesaje.pdf\" class=\"pdfemb-viewer\" style=\"\" data-width=\"max\" data-height=\"max\" data-toolbar=\"top\" data-toolbar-fixed=\"on\">certificado_de_calibracion_m_5200_00_1214_sipel_tecnologia_en_pesaje<\/a>\n\t<\/div>\n\t\n\t\n\t<div id=\"lightbox02\"\n\t     class=\"lightbox-by-id lightbox-content mfp-hide lightbox-white \"\n\t     style=\"max-width:800px ;padding:20px\">\n\t\t\n<a href=\"https:\/\/calibresargentinos.com\/wp-content\/uploads\/2016\/08\/certificado_de_calibracion_ot_n_rosario_106_10180_inti_instituto_nacional_de_tecnologia_industrial.pdf\" class=\"pdfemb-viewer\" style=\"\" data-width=\"max\" data-height=\"max\" data-toolbar=\"top\" data-toolbar-fixed=\"on\">certificado_de_calibracion_ot_n_rosario_106_10180_inti_instituto_nacional_de_tecnologia_industrial<\/a>\n\t<\/div>\n\t\n\t\n\t<div id=\"lightbox03\"\n\t     class=\"lightbox-by-id lightbox-content mfp-hide lightbox-white \"\n\t     style=\"max-width:800px ;padding:20px\">\n\t\t\n<a href=\"https:\/\/calibresargentinos.com\/wp-content\/uploads\/2016\/08\/formato_certificado_de_calibracion_de_instrumentos_de_calibres_argentinos_srl.pdf\" class=\"pdfemb-viewer\" style=\"\" data-width=\"max\" data-height=\"max\" data-toolbar=\"top\" data-toolbar-fixed=\"on\">formato_certificado_de_calibracion_de_instrumentos_de_calibres_argentinos_srl<\/a>\n\t<\/div>\n\t\n\t\n\n\t\t<\/div>\n\t\t\t\t\t<\/div>\n\n\t\n\n\t<div id=\"col-881155708\" class=\"col medium-4 small-12 large-4\"  >\n\t\t\t\t<div class=\"col-inner\"  >\n\t\t\t\n\t\t\t\n\n<a href=\"https:\/\/calibresargentinos.com\/control-de-calidad\/encuesta-de-satisfaccion-del-cliente\" class=\"button primary is-outline expand\" >\n\t\t<span>Encuesta de Calidad<\/span>\n\t<\/a>\n\n\n\t<div id=\"gap-1224812445\" class=\"gap-element clearfix\" style=\"display:block; height:auto;\">\n\t\t\n<style>\n#gap-1224812445 {\n  padding-top: 0px;\n}\n<\/style>\n\t<\/div>\n\t\n\n<div id=\"portfolio-1122265160\" class=\"portfolio-element-wrapper has-filtering\">\n  \n    <div class=\"row large-columns-2 medium-columns-2 small-columns- row-small row-full-width\" >\n    <div class=\"col\" data-terms=\"[&quot;Control de Calidad&quot;]\" data-animate=\"fadeInUp\">\n          <div class=\"col-inner\" >\n          <a href=\"https:\/\/calibresargentinos.com\/wp-content\/uploads\/2017\/05\/img-control-calidad-008.jpg\" class=\"plain lightbox-gallery\">\n          <div class=\"portfolio-box box has-hover\">\n            <div class=\"box-image\" >\n                <div class=\"image-zoom image-cover\" style=\"padding-top:100%;\">\n                <img loading=\"lazy\" decoding=\"async\" width=\"721\" height=\"400\" src=\"https:\/\/calibresargentinos.com\/wp-content\/uploads\/2017\/05\/img-control-calidad-008-721x400.jpg\" class=\"attachment-medium size-medium\" alt=\"Control de Calidad\" srcset=\"https:\/\/calibresargentinos.com\/wp-content\/uploads\/2017\/05\/img-control-calidad-008-721x400.jpg 721w, https:\/\/calibresargentinos.com\/wp-content\/uploads\/2017\/05\/img-control-calidad-008-600x333.jpg 600w, https:\/\/calibresargentinos.com\/wp-content\/uploads\/2017\/05\/img-control-calidad-008-768x426.jpg 768w, https:\/\/calibresargentinos.com\/wp-content\/uploads\/2017\/05\/img-control-calidad-008-1400x776.jpg 1400w, https:\/\/calibresargentinos.com\/wp-content\/uploads\/2017\/05\/img-control-calidad-008.jpg 1625w\" sizes=\"auto, (max-width: 721px) 100vw, 721px\" \/>                <div class=\"overlay\" style=\"background-color:rgba(0, 0, 0, 0.4)\"><\/div>                                <\/div>\n            <\/div>\n            <div class=\"box-text text-center\" >\n                  <div class=\"box-text-inner\">\n                      <h6 class=\"uppercase portfolio-box-title\">Control de Calidad<\/h6>\n                      <p class=\"uppercase portfolio-box-category is-xsmall op-6\">\n                        <span class=\"show-on-hover\">\n                         Control de Calidad                        <\/span>\n                      <\/p>\n                  <\/div>\n            <\/div>\n           <\/div>\n           <\/a>\n           <\/div>\n           <\/div><div class=\"col\" data-terms=\"[&quot;Control de Calidad&quot;]\" data-animate=\"fadeInUp\">\n          <div class=\"col-inner\" >\n          <a href=\"https:\/\/calibresargentinos.com\/wp-content\/uploads\/2017\/05\/img-control-calidad-007.jpg\" class=\"plain lightbox-gallery\">\n          <div class=\"portfolio-box box has-hover\">\n            <div class=\"box-image\" >\n                <div class=\"image-zoom image-cover\" style=\"padding-top:100%;\">\n                <img loading=\"lazy\" decoding=\"async\" width=\"634\" height=\"400\" src=\"https:\/\/calibresargentinos.com\/wp-content\/uploads\/2017\/05\/img-control-calidad-007-634x400.jpg\" class=\"attachment-medium size-medium\" alt=\"Control de Calidad\" srcset=\"https:\/\/calibresargentinos.com\/wp-content\/uploads\/2017\/05\/img-control-calidad-007-634x400.jpg 634w, https:\/\/calibresargentinos.com\/wp-content\/uploads\/2017\/05\/img-control-calidad-007-600x379.jpg 600w, https:\/\/calibresargentinos.com\/wp-content\/uploads\/2017\/05\/img-control-calidad-007-768x485.jpg 768w, https:\/\/calibresargentinos.com\/wp-content\/uploads\/2017\/05\/img-control-calidad-007-1267x800.jpg 1267w, https:\/\/calibresargentinos.com\/wp-content\/uploads\/2017\/05\/img-control-calidad-007.jpg 1654w\" sizes=\"auto, (max-width: 634px) 100vw, 634px\" \/>                <div class=\"overlay\" style=\"background-color:rgba(0, 0, 0, 0.4)\"><\/div>                                <\/div>\n            <\/div>\n            <div class=\"box-text text-center\" >\n                  <div class=\"box-text-inner\">\n                      <h6 class=\"uppercase portfolio-box-title\">Control de Calidad<\/h6>\n                      <p class=\"uppercase portfolio-box-category is-xsmall op-6\">\n                        <span class=\"show-on-hover\">\n                         Control de Calidad                        <\/span>\n                      <\/p>\n                  <\/div>\n            <\/div>\n           <\/div>\n           <\/a>\n           <\/div>\n           <\/div><div class=\"col\" data-terms=\"[&quot;Control de Calidad&quot;]\" data-animate=\"fadeInUp\">\n          <div class=\"col-inner\" >\n          <a href=\"https:\/\/calibresargentinos.com\/wp-content\/uploads\/2017\/05\/img-control-calidad-006.jpg\" class=\"plain lightbox-gallery\">\n          <div class=\"portfolio-box box has-hover\">\n            <div class=\"box-image\" >\n                <div class=\"image-zoom image-cover\" style=\"padding-top:100%;\">\n                <img loading=\"lazy\" decoding=\"async\" width=\"716\" height=\"400\" src=\"https:\/\/calibresargentinos.com\/wp-content\/uploads\/2017\/05\/img-control-calidad-006-716x400.jpg\" class=\"attachment-medium size-medium\" alt=\"Control de Calidad\" srcset=\"https:\/\/calibresargentinos.com\/wp-content\/uploads\/2017\/05\/img-control-calidad-006-716x400.jpg 716w, https:\/\/calibresargentinos.com\/wp-content\/uploads\/2017\/05\/img-control-calidad-006-600x335.jpg 600w, https:\/\/calibresargentinos.com\/wp-content\/uploads\/2017\/05\/img-control-calidad-006-768x429.jpg 768w, https:\/\/calibresargentinos.com\/wp-content\/uploads\/2017\/05\/img-control-calidad-006.jpg 1179w\" sizes=\"auto, (max-width: 716px) 100vw, 716px\" \/>                <div class=\"overlay\" style=\"background-color:rgba(0, 0, 0, 0.4)\"><\/div>                                <\/div>\n            <\/div>\n            <div class=\"box-text text-center\" >\n                  <div class=\"box-text-inner\">\n                      <h6 class=\"uppercase portfolio-box-title\">Control de Calidad<\/h6>\n                      <p class=\"uppercase portfolio-box-category is-xsmall op-6\">\n                        <span class=\"show-on-hover\">\n                         Control de Calidad                        <\/span>\n                      <\/p>\n                  <\/div>\n            <\/div>\n           <\/div>\n           <\/a>\n           <\/div>\n           <\/div><div class=\"col\" data-terms=\"[&quot;Control de Calidad&quot;]\" data-animate=\"fadeInUp\">\n          <div class=\"col-inner\" >\n          <a href=\"https:\/\/calibresargentinos.com\/wp-content\/uploads\/2017\/05\/img-control-calidad-005.jpg\" class=\"plain lightbox-gallery\">\n          <div class=\"portfolio-box box has-hover\">\n            <div class=\"box-image\" >\n                <div class=\"image-zoom image-cover\" style=\"padding-top:100%;\">\n                <img loading=\"lazy\" decoding=\"async\" width=\"800\" height=\"391\" src=\"https:\/\/calibresargentinos.com\/wp-content\/uploads\/2017\/05\/img-control-calidad-005-800x391.jpg\" class=\"attachment-medium size-medium\" alt=\"Control de Calidad\" srcset=\"https:\/\/calibresargentinos.com\/wp-content\/uploads\/2017\/05\/img-control-calidad-005-800x391.jpg 800w, https:\/\/calibresargentinos.com\/wp-content\/uploads\/2017\/05\/img-control-calidad-005-600x293.jpg 600w, https:\/\/calibresargentinos.com\/wp-content\/uploads\/2017\/05\/img-control-calidad-005-768x375.jpg 768w, https:\/\/calibresargentinos.com\/wp-content\/uploads\/2017\/05\/img-control-calidad-005-1400x684.jpg 1400w, https:\/\/calibresargentinos.com\/wp-content\/uploads\/2017\/05\/img-control-calidad-005.jpg 1528w\" sizes=\"auto, (max-width: 800px) 100vw, 800px\" \/>                <div class=\"overlay\" style=\"background-color:rgba(0, 0, 0, 0.4)\"><\/div>                                <\/div>\n            <\/div>\n            <div class=\"box-text text-center\" >\n                  <div class=\"box-text-inner\">\n                      <h6 class=\"uppercase portfolio-box-title\">Control de Calidad<\/h6>\n                      <p class=\"uppercase portfolio-box-category is-xsmall op-6\">\n                        <span class=\"show-on-hover\">\n                         Control de Calidad                        <\/span>\n                      <\/p>\n                  <\/div>\n            <\/div>\n           <\/div>\n           <\/a>\n           <\/div>\n           <\/div><div class=\"col\" data-terms=\"[&quot;Control de Calidad&quot;]\" data-animate=\"fadeInUp\">\n          <div class=\"col-inner\" >\n          <a href=\"https:\/\/calibresargentinos.com\/wp-content\/uploads\/2017\/05\/img-control-calidad-004.jpg\" class=\"plain lightbox-gallery\">\n          <div class=\"portfolio-box box has-hover\">\n            <div class=\"box-image\" >\n                <div class=\"image-zoom image-cover\" style=\"padding-top:100%;\">\n                <img loading=\"lazy\" decoding=\"async\" width=\"506\" height=\"400\" src=\"https:\/\/calibresargentinos.com\/wp-content\/uploads\/2017\/05\/img-control-calidad-004-506x400.jpg\" class=\"attachment-medium size-medium\" alt=\"Control de Calidad\" srcset=\"https:\/\/calibresargentinos.com\/wp-content\/uploads\/2017\/05\/img-control-calidad-004-506x400.jpg 506w, https:\/\/calibresargentinos.com\/wp-content\/uploads\/2017\/05\/img-control-calidad-004-600x474.jpg 600w, https:\/\/calibresargentinos.com\/wp-content\/uploads\/2017\/05\/img-control-calidad-004-768x607.jpg 768w, https:\/\/calibresargentinos.com\/wp-content\/uploads\/2017\/05\/img-control-calidad-004-1012x800.jpg 1012w\" sizes=\"auto, (max-width: 506px) 100vw, 506px\" \/>                <div class=\"overlay\" style=\"background-color:rgba(0, 0, 0, 0.4)\"><\/div>                                <\/div>\n            <\/div>\n            <div class=\"box-text text-center\" >\n                  <div class=\"box-text-inner\">\n                      <h6 class=\"uppercase portfolio-box-title\">Control de Calidad<\/h6>\n                      <p class=\"uppercase portfolio-box-category is-xsmall op-6\">\n                        <span class=\"show-on-hover\">\n                         Control de Calidad                        <\/span>\n                      <\/p>\n                  <\/div>\n            <\/div>\n           <\/div>\n           <\/a>\n           <\/div>\n           <\/div><div class=\"col\" data-terms=\"[&quot;Control de Calidad&quot;]\" data-animate=\"fadeInUp\">\n          <div class=\"col-inner\" >\n          <a href=\"https:\/\/calibresargentinos.com\/wp-content\/uploads\/2017\/05\/img-control-calidad-003.jpg\" class=\"plain lightbox-gallery\">\n          <div class=\"portfolio-box box has-hover\">\n            <div class=\"box-image\" >\n                <div class=\"image-zoom image-cover\" style=\"padding-top:100%;\">\n                <img loading=\"lazy\" decoding=\"async\" width=\"262\" height=\"400\" src=\"https:\/\/calibresargentinos.com\/wp-content\/uploads\/2017\/05\/img-control-calidad-003-262x400.jpg\" class=\"attachment-medium size-medium\" alt=\"Control de Calidad\" srcset=\"https:\/\/calibresargentinos.com\/wp-content\/uploads\/2017\/05\/img-control-calidad-003-262x400.jpg 262w, https:\/\/calibresargentinos.com\/wp-content\/uploads\/2017\/05\/img-control-calidad-003-600x916.jpg 600w, https:\/\/calibresargentinos.com\/wp-content\/uploads\/2017\/05\/img-control-calidad-003-768x1173.jpg 768w, https:\/\/calibresargentinos.com\/wp-content\/uploads\/2017\/05\/img-control-calidad-003-524x800.jpg 524w\" sizes=\"auto, (max-width: 262px) 100vw, 262px\" \/>                <div class=\"overlay\" style=\"background-color:rgba(0, 0, 0, 0.4)\"><\/div>                                <\/div>\n            <\/div>\n            <div class=\"box-text text-center\" >\n                  <div class=\"box-text-inner\">\n                      <h6 class=\"uppercase portfolio-box-title\">Control de Calidad<\/h6>\n                      <p class=\"uppercase portfolio-box-category is-xsmall op-6\">\n                        <span class=\"show-on-hover\">\n                         Control de Calidad                        <\/span>\n                      <\/p>\n                  <\/div>\n            <\/div>\n           <\/div>\n           <\/a>\n           <\/div>\n           <\/div><div class=\"col\" data-terms=\"[&quot;Control de Calidad&quot;]\" data-animate=\"fadeInUp\">\n          <div class=\"col-inner\" >\n          <a href=\"https:\/\/calibresargentinos.com\/wp-content\/uploads\/2017\/05\/img-control-calidad-003.jpg\" class=\"plain lightbox-gallery\">\n          <div class=\"portfolio-box box has-hover\">\n            <div class=\"box-image\" >\n                <div class=\"image-zoom image-cover\" style=\"padding-top:100%;\">\n                <img loading=\"lazy\" decoding=\"async\" width=\"262\" height=\"400\" src=\"https:\/\/calibresargentinos.com\/wp-content\/uploads\/2017\/05\/img-control-calidad-003-262x400.jpg\" class=\"attachment-medium size-medium\" alt=\"Control de Calidad\" srcset=\"https:\/\/calibresargentinos.com\/wp-content\/uploads\/2017\/05\/img-control-calidad-003-262x400.jpg 262w, https:\/\/calibresargentinos.com\/wp-content\/uploads\/2017\/05\/img-control-calidad-003-600x916.jpg 600w, https:\/\/calibresargentinos.com\/wp-content\/uploads\/2017\/05\/img-control-calidad-003-768x1173.jpg 768w, https:\/\/calibresargentinos.com\/wp-content\/uploads\/2017\/05\/img-control-calidad-003-524x800.jpg 524w\" sizes=\"auto, (max-width: 262px) 100vw, 262px\" \/>                <div class=\"overlay\" style=\"background-color:rgba(0, 0, 0, 0.4)\"><\/div>                                <\/div>\n            <\/div>\n            <div class=\"box-text text-center\" >\n                  <div class=\"box-text-inner\">\n                      <h6 class=\"uppercase portfolio-box-title\">Control de Calidad<\/h6>\n                      <p class=\"uppercase portfolio-box-category is-xsmall op-6\">\n                        <span class=\"show-on-hover\">\n                         Control de Calidad                        <\/span>\n                      <\/p>\n                  <\/div>\n            <\/div>\n           <\/div>\n           <\/a>\n           <\/div>\n           <\/div><div class=\"col\" data-terms=\"[&quot;Control de Calidad&quot;]\" data-animate=\"fadeInUp\">\n          <div class=\"col-inner\" >\n          <a href=\"https:\/\/calibresargentinos.com\/wp-content\/uploads\/2017\/05\/img-control-calidad-001.jpg\" class=\"plain lightbox-gallery\">\n          <div class=\"portfolio-box box has-hover\">\n            <div class=\"box-image\" >\n                <div class=\"image-zoom image-cover\" style=\"padding-top:100%;\">\n                <img loading=\"lazy\" decoding=\"async\" width=\"603\" height=\"400\" src=\"https:\/\/calibresargentinos.com\/wp-content\/uploads\/2017\/05\/img-control-calidad-001-603x400.jpg\" class=\"attachment-medium size-medium\" alt=\"Control de Calidad\" srcset=\"https:\/\/calibresargentinos.com\/wp-content\/uploads\/2017\/05\/img-control-calidad-001-603x400.jpg 603w, https:\/\/calibresargentinos.com\/wp-content\/uploads\/2017\/05\/img-control-calidad-001-600x398.jpg 600w, https:\/\/calibresargentinos.com\/wp-content\/uploads\/2017\/05\/img-control-calidad-001-768x509.jpg 768w, https:\/\/calibresargentinos.com\/wp-content\/uploads\/2017\/05\/img-control-calidad-001-1206x800.jpg 1206w\" sizes=\"auto, (max-width: 603px) 100vw, 603px\" \/>                <div class=\"overlay\" style=\"background-color:rgba(0, 0, 0, 0.4)\"><\/div>                                <\/div>\n            <\/div>\n            <div class=\"box-text text-center\" >\n                  <div class=\"box-text-inner\">\n                      <h6 class=\"uppercase portfolio-box-title\">Control de Calidad<\/h6>\n                      <p class=\"uppercase portfolio-box-category is-xsmall op-6\">\n                        <span class=\"show-on-hover\">\n                         Control de Calidad                        <\/span>\n                      <\/p>\n                  <\/div>\n            <\/div>\n           <\/div>\n           <\/a>\n           <\/div>\n           <\/div><\/div><\/div>\n\n\n\t\t<\/div>\n\t\t\t\t\t<\/div>\n\n\t\n\n<\/div>\n","protected":false},"excerpt":{"rendered":"","protected":false},"author":1,"featured_media":11,"parent":0,"menu_order":0,"comment_status":"closed","ping_status":"closed","template":"page-blank.php","meta":{"footnotes":""},"class_list":["post-28","page","type-page","status-publish","has-post-thumbnail","hentry"],"_links":{"self":[{"href":"https:\/\/calibresargentinos.com\/en\/wp-json\/wp\/v2\/pages\/28","targetHints":{"allow":["GET"]}}],"collection":[{"href":"https:\/\/calibresargentinos.com\/en\/wp-json\/wp\/v2\/pages"}],"about":[{"href":"https:\/\/calibresargentinos.com\/en\/wp-json\/wp\/v2\/types\/page"}],"author":[{"embeddable":true,"href":"https:\/\/calibresargentinos.com\/en\/wp-json\/wp\/v2\/users\/1"}],"replies":[{"embeddable":true,"href":"https:\/\/calibresargentinos.com\/en\/wp-json\/wp\/v2\/comments?post=28"}],"version-history":[{"count":27,"href":"https:\/\/calibresargentinos.com\/en\/wp-json\/wp\/v2\/pages\/28\/revisions"}],"predecessor-version":[{"id":7231,"href":"https:\/\/calibresargentinos.com\/en\/wp-json\/wp\/v2\/pages\/28\/revisions\/7231"}],"wp:featuredmedia":[{"embeddable":true,"href":"https:\/\/calibresargentinos.com\/en\/wp-json\/wp\/v2\/media\/11"}],"wp:attachment":[{"href":"https:\/\/calibresargentinos.com\/en\/wp-json\/wp\/v2\/media?parent=28"}],"curies":[{"name":"wp","href":"https:\/\/api.w.org\/{rel}","templated":true}]}}